{"id":1077,"date":"2018-05-12T09:36:46","date_gmt":"2018-05-12T07:36:46","guid":{"rendered":"https:\/\/www.helsingborg-ven.se\/boka\/"},"modified":"2024-04-12T11:48:09","modified_gmt":"2024-04-12T09:48:09","slug":"boka","status":"publish","type":"page","link":"https:\/\/www.helsingborg-ven.se\/de\/boka\/","title":{"rendered":"Buchen Sie Ihre Reise"},"content":{"rendered":"<p>[vc_section full_width=&#8220;stretch_row_content&#8220;][vc_row full_width=&#8220;stretch_row_content_no_spaces&#8220;][vc_column][rev_slider slidertitle=&#8220;Weather 1&#8243; alias=&#8220;weather-1&#8243;][\/vc_column][\/vc_row][\/vc_section][vc_section css=&#8220;.vc_custom_1621409542020{margin-top: 100px !important;}&#8220;][vc_row css=&#8220;.vc_custom_1629207460846{margin-bottom: 60px !important;}&#8220;][vc_column][\/vc_column][\/vc_row][vc_row][vc_column width=&#8220;4\/6&#8243;][vc_custom_heading text=&#8220;BUCHEN SIE<strong>IHRE REISE<\/strong>&#8220; font_container=&#8220;tag:h1|text_align:left|color:%23ff9900&#8243; google_fonts=&#8220;font_family:Roboto%3A100%2C100italic%2C300%2C300italic%2Cregular%2Citalic%2C500%2C500italic%2C700%2C700italic%2C900%2C900italic|font_style:400%20regular%3A400%3Anormal&#8220;][vc_column_text]Sch\u00f6n, dass Sie Ihre Reise bei uns buchen m\u00f6chten! Du wirst nicht entt\u00e4uscht sein!<br \/>\nNachfolgend finden Sie zwei verschiedene Reisem\u00f6glichkeiten. Sie w\u00e4hlen eine einfache Fahrt in die gew\u00fcnschte Richtung.<br \/>\n(Das Mitbringen eines Hundes ist durchaus m\u00f6glich, aus R\u00fccksicht auf Allergiker kann er jedoch drau\u00dfen auf der Terrasse bleiben.)<\/p>\n<p>Vergessen Sie nicht, Ihre R\u00fcckreise zu buchen.<br \/>\nDie Fahrt dauert etwa 45 Minuten<\/p>\n<p><strong>Bitte lesen Sie die Buchungsbedingungen sorgf\u00e4ltig durch, bevor Sie Ihren Kauf abschlie\u00dfen.<br \/>\n<\/strong><strong><a href=\"https:\/\/helsingborg-ven.se\/allmanna-villor\/\" target=\"_blank\" rel=\"noopener\">Klicken Sie hier, um unsere Buchungsbedingungen zu lesen<\/a>&lt; \/strong&gt;<\/strong>[\/vc_column_text][vc_btn title=&#8220;\u00d6FFNEN SIE DIE BUCHUNG IN EINEM NEUEN FENSTER&#8220; color=&#8220;warning&#8220; size=&#8220;lg&#8220; link=&#8220;url:https%3A%2F%2Fwww.nortic.se%2Fticket%2Fevent%2F47855|target:_blank&#8220;][\/vc_column][vc_column width=&#8220;2\/6&#8243;][vc_single_image image=&#8220;1064&#8243; img_size=&#8220;full&#8220; alignment=&#8220;center&#8220; style=&#8220;vc_box_shadow_border&#8220; onclick=&#8220;link_image&#8220;][\/vc_column][\/vc_row][\/vc_section][vc_section css=&#8220;.vc_custom_1621410682326{margin-top: 80px !important;}&#8220;][vc_row][vc_column][\/vc_column][\/vc_row][\/vc_section][vc_row][vc_column][vc_column_text][\/vc_column_text][\/vc_column][\/vc_row]<\/p>\n","protected":false},"excerpt":{"rendered":"<p>[vc_section full_width=&#8220;stretch_row_content&#8220;][vc_row full_width=&#8220;stretch_row_content_no_spaces&#8220;][vc_column][rev_slider slidertitle=&#8220;Weather 1&#8243; alias=&#8220;weather-1&#8243;][\/vc_column][\/vc_row][\/vc_section][vc_section css=&#8220;.vc_custom_1621409542020{margin-top: 100px !important;}&#8220;][vc_row css=&#8220;.vc_custom_1629207460846{margin-bottom: 60px !important;}&#8220;][vc_column][\/vc_column][\/vc_row][vc_row][vc_column width=&#8220;4\/6&#8243;][vc_custom_heading text=&#8220;BUCHEN SIEIHRE REISE&#8220; font_container=&#8220;tag:h1|text_align:left|color:%23ff9900&#8243; google_fonts=&#8220;font_family:Roboto%3A100%2C100italic%2C300%2C300italic%2Cregular%2Citalic%2C500%2C500italic%2C700%2C700italic%2C900%2C900italic|font_style:400%20regular%3A400%3Anormal&#8220;][vc_column_text]Sch\u00f6n, dass Sie [&hellip;]<\/p>\n","protected":false},"author":1,"featured_media":0,"parent":0,"menu_order":0,"comment_status":"closed","ping_status":"closed","template":"","meta":{"_acf_changed":false,"site-sidebar-layout":"default","site-content-layout":"","ast-site-content-layout":"default","site-content-style":"default","site-sidebar-style":"default","ast-global-header-display":"","ast-banner-title-visibility":"","ast-main-header-display":"","ast-hfb-above-header-display":"","ast-hfb-below-header-display":"","ast-hfb-mobile-header-display":"","site-post-title":"","ast-breadcrumbs-content":"","ast-featured-img":"","footer-sml-layout":"","theme-transparent-header-meta":"","adv-header-id-meta":"","stick-header-meta":"","header-above-stick-meta":"","header-main-stick-meta":"","header-below-stick-meta":"","astra-migrate-meta-layouts":"default","ast-page-background-enabled":"default","ast-page-background-meta":{"desktop":{"background-color":"var(--ast-global-color-5)","background-image":"","background-repeat":"repeat","background-position":"center center","background-size":"auto","background-attachment":"scroll","background-type":"","background-media":"","overlay-type":"","overlay-color":"","overlay-opacity":"","overlay-gradient":""},"tablet":{"background-color":"","background-image":"","background-repeat":"repeat","background-position":"center center","background-size":"auto","background-attachment":"scroll","background-type":"","background-media":"","overlay-type":"","overlay-color":"","overlay-opacity":"","overlay-gradient":""},"mobile":{"background-color":"","background-image":"","background-repeat":"repeat","background-position":"center center","background-size":"auto","background-attachment":"scroll","background-type":"","background-media":"","overlay-type":"","overlay-color":"","overlay-opacity":"","overlay-gradient":""}},"ast-content-background-meta":{"desktop":{"background-color":"var(--ast-global-color-4)","background-image":"","background-repeat":"repeat","background-position":"center center","background-size":"auto","background-attachment":"scroll","background-type":"","background-media":"","overlay-type":"","overlay-color":"","overlay-opacity":"","overlay-gradient":""},"tablet":{"background-color":"var(--ast-global-color-4)","background-image":"","background-repeat":"repeat","background-position":"center center","background-size":"auto","background-attachment":"scroll","background-type":"","background-media":"","overlay-type":"","overlay-color":"","overlay-opacity":"","overlay-gradient":""},"mobile":{"background-color":"var(--ast-global-color-4)","background-image":"","background-repeat":"repeat","background-position":"center center","background-size":"auto","background-attachment":"scroll","background-type":"","background-media":"","overlay-type":"","overlay-color":"","overlay-opacity":"","overlay-gradient":""}},"footnotes":""},"class_list":["post-1077","page","type-page","status-publish","hentry"],"acf":[],"_links":{"self":[{"href":"https:\/\/www.helsingborg-ven.se\/de\/wp-json\/wp\/v2\/pages\/1077","targetHints":{"allow":["GET"]}}],"collection":[{"href":"https:\/\/www.helsingborg-ven.se\/de\/wp-json\/wp\/v2\/pages"}],"about":[{"href":"https:\/\/www.helsingborg-ven.se\/de\/wp-json\/wp\/v2\/types\/page"}],"author":[{"embeddable":true,"href":"https:\/\/www.helsingborg-ven.se\/de\/wp-json\/wp\/v2\/users\/1"}],"replies":[{"embeddable":true,"href":"https:\/\/www.helsingborg-ven.se\/de\/wp-json\/wp\/v2\/comments?post=1077"}],"version-history":[{"count":3,"href":"https:\/\/www.helsingborg-ven.se\/de\/wp-json\/wp\/v2\/pages\/1077\/revisions"}],"predecessor-version":[{"id":1080,"href":"https:\/\/www.helsingborg-ven.se\/de\/wp-json\/wp\/v2\/pages\/1077\/revisions\/1080"}],"wp:attachment":[{"href":"https:\/\/www.helsingborg-ven.se\/de\/wp-json\/wp\/v2\/media?parent=1077"}],"curies":[{"name":"wp","href":"https:\/\/api.w.org\/{rel}","templated":true}]}}