{"id":1072,"date":"2018-05-07T11:14:15","date_gmt":"2018-05-07T09:14:15","guid":{"rendered":"https:\/\/www.helsingborg-ven.se\/start\/"},"modified":"2024-07-03T12:05:29","modified_gmt":"2024-07-03T10:05:29","slug":"start","status":"publish","type":"page","link":"https:\/\/www.helsingborg-ven.se\/de\/start\/","title":{"rendered":"Start"},"content":{"rendered":"<p>[vc_section full_width=&#8220;stretch_row_content&#8220;][vc_row full_width=&#8220;stretch_row_content_no_spaces&#8220;][vc_column][rev_slider slidertitle=&#8220;Real Estate Slider1DE&#8220; alias=&#8220;real-estate-slider1-12&#8243;][\/vc_column][\/vc_row][\/vc_section][vc_section css=&#8220;.vc_custom_1620848252212{margin-top: 80px !important;}&#8220;][vc_row disable_element=&#8220;yes&#8220; css=&#8220;.vc_custom_1661929020037{margin-bottom: 60px !important;}&#8220;][vc_column][vc_custom_heading text=&#8220;Nun \u00f6ffnet sich die Buchung.<br \/>\nDie Premierentournee findet am 27. Juni statt.&#8220; font_container=&#8220;tag:p|font_size:26|text_align:center|color:%23ff0000&#8243; use_theme_fonts=&#8220;yes&#8220;][\/vc_column][\/vc_row][vc_row gap=&#8220;35&#8243;][vc_column width=&#8220;1\/2&#8243;][vc_custom_heading text=&#8220;Ader erleben&#8220; font_container=&#8220;tag:p|font_size:18px|text_align:left|color:%23dd9933&#8243; google_fonts=&#8220;font_family:Roboto%3A100%2C100italic%2C300%2C300italic%2Cregular%2Citalic%2C500%2C500italic%2C700%2C700italic%2C900%2C900italic|font_style:500%20bold%20regular%3A500%3Anormal&#8220;][vc_custom_heading text=&#8220;In Ven gibt es viel zu tun<br \/>\nund die Insel bietet f\u00fcr jeden Geschmack etwas.&#8220; font_container=&#8220;tag:h2|text_align:left|line_height:1.4&#8243; use_theme_fonts=&#8220;yes&#8220;][vc_column_text]Backafallen erhebt sich aus dem Meer und ist mit 45 Metern \u00fcber dem Meeresspiegel der h\u00f6chste Punkt der Insel. Wie gesagt, Ven ist mit einer L\u00e4nge von 4,5 km und einer Breite von 2,6 km eine recht kleine Insel.<\/p>\n<p>Wenn Sie mehr von der Insel sehen m\u00f6chten, k\u00f6nnen Sie oberhalb des H\u00fcgels ein Fahrrad mieten und unter anderem das Tycho-Brahe-Museum, die Whiskybrennerei Spirit of Hven, die \u00dcberreste von Uraniborg und Stjerneborg, die neue und die alte Kirche besuchen Kirche auf der Spitze des steilen H\u00fcgels nach Kirkbacken.[\/vc_column_text][vc_btn title=&#8220;Boka din resa idag!&#8220; color=&#8220;warning&#8220; size=&#8220;lg&#8220; css_animation=&#8220;bounceInUp&#8220; link=&#8220;url:%2Fboka%2F&#8220;][\/vc_column][vc_column width=&#8220;1\/2&#8243;][vc_gallery interval=&#8220;3&#8243; images=&#8220;803,800,797&#8243; img_size=&#8220;450&#215;400&#8243;][\/vc_column][\/vc_row][vc_row][vc_column width=&#8220;1\/2&#8243;][vc_single_image img_size=&#8220;full&#8220; onclick=&#8220;custom_link&#8220; img_link_target=&#8220;_blank&#8220; link=&#8220;https:\/\/burkvistmarin.se\/uthyrning\/&#8220;][\/vc_column][vc_column width=&#8220;1\/2&#8243;][\/vc_column][\/vc_row][\/vc_section][vc_section full_width=&#8220;stretch_row&#8220; css=&#8220;.vc_custom_1621408382657{border-top-width: 4px !important;border-bottom-width: 4px !important;padding-top: 80px !important;padding-bottom: 80px !important;background: #ffffff url(https:\/\/www.helsingborg-ven.se\/wp-content\/uploads\/2021\/05\/mizar-03.jpg?id=821) !important;background-position: center !important;background-repeat: no-repeat !important;background-size: cover !important;border-top-color: #ff9900 !important;border-top-style: solid !important;border-bottom-color: #ff9900 !important;border-bottom-style: solid !important;}&#8220; el_class=&#8220;parallax-section&#8220;][vc_row gap=&#8220;35&#8243; equal_height=&#8220;yes&#8220; css_animation=&#8220;flipInX&#8220;][vc_column width=&#8220;1\/3&#8243;][vc_cta h2=&#8220;Buchen Sie Ihre Reise&#8220; style=&#8220;flat&#8220; color=&#8220;orange&#8220; add_button=&#8220;bottom&#8220; btn_title=&#8220;Boka nu!&#8220; btn_color=&#8220;primary&#8220; btn_link=&#8220;url:%2Fboka%2F|title:Boka%20din%20resa&#8220;]Wer ein Ticket gebucht hat, hat in der Warteschlange Vorrang. Wir f\u00fcllen uns dann mit Reisenden, die Tickets vor Ort kaufen.[\/vc_cta][\/vc_column][vc_column width=&#8220;1\/3&#8243;][vc_cta h2=&#8220;Zeiten &amp; Preise&#8220; style=&#8220;flat&#8220; color=&#8220;orange&#8220; add_button=&#8220;bottom&#8220; btn_title=&#8220;Tider &amp; Priser&#8220; btn_color=&#8220;primary&#8220; btn_link=&#8220;url:%2Ftider-priser%2F&#8220;]Sehen Sie sich unseren Fahrplan und unsere Preise an.[\/vc_cta][\/vc_column][vc_column width=&#8220;1\/3&#8243;][vc_cta h2=&#8220;Kontaktiere uns&#8220; h4=&#8220;+46 (0)760-391040&#8243; style=&#8220;flat&#8220; color=&#8220;orange&#8220; add_button=&#8220;bottom&#8220; btn_title=&#8220;Skicka mail till oss&#8220; btn_color=&#8220;primary&#8220; btn_link=&#8220;url:%2Fkontakt%2F&#8220;][\/vc_cta][\/vc_column][\/vc_row][\/vc_section][vc_section css=&#8220;.vc_custom_1621407944776{padding-top: 80px !important;}&#8220;][vc_row][vc_column][vc_text_separator title=&#8220;Hitta till oss&#8220; i_icon_fontawesome=&#8220;fas fa-map-marker-alt&#8220; i_color=&#8220;sandy_brown&#8220; color=&#8220;sandy_brown&#8220; border_width=&#8220;2&#8243; el_width=&#8220;50&#8243; add_icon=&#8220;true&#8220;][\/vc_column][\/vc_row][vc_row gap=&#8220;35&#8243; equal_height=&#8220;yes&#8220;][vc_column width=&#8220;1\/2&#8243;][vc_custom_heading text=&#8220;Abfahrtsort Helsingborg&#8220; font_container=&#8220;tag:h3|text_align:left&#8220; use_theme_fonts=&#8220;yes&#8220;][vc_custom_heading text=&#8220;Kungstorget 2&#8243; font_container=&#8220;tag:h5|text_align:left&#8220; use_theme_fonts=&#8220;yes&#8220;][vc_btn title=&#8220;Bring mich hierher&#8220; style=&#8220;flat&#8220; shape=&#8220;square&#8220; color=&#8220;warning&#8220; size=&#8220;sm&#8220; i_icon_fontawesome=&#8220;fas fa-location-arrow&#8220; css_animation=&#8220;fadeIn&#8220; add_icon=&#8220;true&#8220; link=&#8220;url:https%3A%2F%2Fwww.google.com%2Fmaps%3Fsaddr%3DMy%2BLocation%26daddr%3D56.0447824%2C12.693077600000038|target:_blank&#8220;][vc_gmaps link=&#8220;#E-8_JTNDaWZyYW1lJTIwc3JjJTNEJTIyaHR0cHMlM0ElMkYlMkZ3d3cuZ29vZ2xlLmNvbSUyRm1hcHMlMkZlbWJlZCUzRnBiJTNEJTIxMW0xOCUyMTFtMTIlMjExbTMlMjExZDIyMjguNDkyMTA0MTA3MDUlMjEyZDEyLjY5MDg4ODkxNTk0MTg1MyUyMTNkNTYuMDQ0NzgyMzgwNjMyNDclMjEybTMlMjExZjAlMjEyZjAlMjEzZjAlMjEzbTIlMjExaTEwMjQlMjEyaTc2OCUyMTRmMTMuMSUyMTNtMyUyMTFtMiUyMTFzMHg0NjUyMzIzNTA1NWZhZjhkJTI1M0EweDcwNmIzNGU0M2NmNjc5ODYlMjEyc0t1bmdzdG9yZ2V0JTI1MjAyJTI1MkMlMjUyMDI1MiUyNTIwMjQlMjUyMEhlbHNpbmdib3JnJTIxNWUwJTIxM20yJTIxMXNzdiUyMTJzc2UlMjE0djE2MjE0MDc3MDM1NjAlMjE1bTIlMjExc3N2JTIxMnNzZSUyMiUyMHdpZHRoJTNEJTIyNjAwJTIyJTIwaGVpZ2h0JTNEJTIyNDUwJTIyJTIwc3R5bGUlM0QlMjJib3JkZXIlM0EwJTNCJTIyJTIwYWxsb3dmdWxsc2NyZWVuJTNEJTIyJTIyJTIwbG9hZGluZyUzRCUyMmxhenklMjIlM0UlM0MlMkZpZnJhbWUlM0U=&#8220;][\/vc_column][vc_column width=&#8220;1\/2&#8243;][vc_custom_heading text=&#8220;Vens avg\u00e5ngsplats&#8220; font_container=&#8220;tag:h3|text_align:left&#8220; use_theme_fonts=&#8220;yes&#8220;][vc_custom_heading text=&#8220;B\u00e4ckvikens hamn&#8220; font_container=&#8220;tag:h5|text_align:left&#8220; use_theme_fonts=&#8220;yes&#8220;][vc_btn title=&#8220;Bring mich hierher&#8220; style=&#8220;flat&#8220; shape=&#8220;square&#8220; color=&#8220;warning&#8220; size=&#8220;sm&#8220; i_icon_fontawesome=&#8220;fas fa-location-arrow&#8220; css_animation=&#8220;fadeIn&#8220; add_icon=&#8220;true&#8220; link=&#8220;url:https%3A%2F%2Fwww.google.com%2Fmaps%3Fsaddr%3DMy%2BLocation%26daddr%3D55.9033922%2C12.717573700000003|target:_blank&#8220;][vc_gmaps link=&#8220;#E-8_JTNDaWZyYW1lJTIwc3JjJTNEJTIyaHR0cHMlM0ElMkYlMkZ3d3cuZ29vZ2xlLmNvbSUyRm1hcHMlMkZlbWJlZCUzRnBiJTNEJTIxMW0xNCUyMTFtOCUyMTFtMyUyMTFkODk0Ni42MDYwNjE0NzY3NzYlMjEyZDEyLjcwODgxODk5ODc0MzE2OSUyMTNkNTUuOTAzNDAyNzc5MDAyMDIlMjEzbTIlMjExaTEwMjQlMjEyaTc2OCUyMTRmMTMuMSUyMTNtMyUyMTFtMiUyMTFzMHgwJTI1M0EweDYzYTgzOTIyYTY3YzJlNDklMjEyc0IlMjVDMyUyNUE0Y2t2aWtlbiUyNTIwSGFtbiUyMTVlMCUyMTNtMiUyMTFzc3YlMjEyc3NlJTIxNHYxNjIxNDA3NzM5OTQ5JTIxNW0yJTIxMXNzdiUyMTJzc2UlMjIlMjB3aWR0aCUzRCUyMjYwMCUyMiUyMGhlaWdodCUzRCUyMjQ1MCUyMiUyMHN0eWxlJTNEJTIyYm9yZGVyJTNBMCUzQiUyMiUyMGFsbG93ZnVsbHNjcmVlbiUzRCUyMiUyMiUyMGxvYWRpbmclM0QlMjJsYXp5JTIyJTNFJTNDJTJGaWZyYW1lJTNF&#8220;][\/vc_column][\/vc_row][\/vc_section][vc_section full_width=&#8220;stretch_row&#8220; css=&#8220;.vc_custom_1621408971997{padding-top: 80px !important;padding-bottom: 80px !important;background-image: url(https:\/\/www.helsingborg-ven.se\/wp-content\/uploads\/2021\/05\/kyrkbacken2.jpg?id=814) !important;background-position: center !important;background-repeat: no-repeat !important;background-size: cover !important;}&#8220;][vc_row gap=&#8220;35&#8243; css=&#8220;.vc_custom_1621408956629{padding-top: 60px !important;padding-bottom: 60px !important;background-position: center !important;background-repeat: no-repeat !important;background-size: cover !important;}&#8220;][vc_column width=&#8220;1\/3&#8243;][vc_single_image image=&#8220;854&#8243; img_size=&#8220;full&#8220;][\/vc_column][vc_column width=&#8220;2\/3&#8243; css=&#8220;.vc_custom_1621409098097{padding-top: 45px !important;padding-right: 45px !important;padding-bottom: 45px !important;padding-left: 45px !important;background-color: rgba(255,255,255,0.81) !important;*background-color: rgb(255,255,255) !important;border-radius: 25px !important;}&#8220;][vc_custom_heading text=&#8220;F\u00fcr erstaunliche Inspiration und wertvoll<br \/>\nTipps f\u00fcr Ihren Aufenthalt im Ven&#8220; font_container=&#8220;tag:h3|text_align:left|color:%230a0a0a&#8220; use_theme_fonts=&#8220;yes&#8220;][vc_btn title=&#8220;Weitere wertvolle Tipps finden Sie hier&#8220; color=&#8220;warning&#8220; size=&#8220;lg&#8220; i_icon_fontawesome=&#8220;fab fa-gratipay&#8220; add_icon=&#8220;true&#8220; link=&#8220;url:http%3A%2F%2Filovehven.com%2F|title:Fler%20v%C3%A4rdefulla%20tips%20hittar%20du%20h%C3%A4r|target:_blank&#8220;][\/vc_column][\/vc_row][\/vc_section]<\/p>\n","protected":false},"excerpt":{"rendered":"<p>[vc_section full_width=&#8220;stretch_row_content&#8220;][vc_row full_width=&#8220;stretch_row_content_no_spaces&#8220;][vc_column][rev_slider slidertitle=&#8220;Real Estate Slider1DE&#8220; alias=&#8220;real-estate-slider1-12&#8243;][\/vc_column][\/vc_row][\/vc_section][vc_section css=&#8220;.vc_custom_1620848252212{margin-top: 80px !important;}&#8220;][vc_row disable_element=&#8220;yes&#8220; css=&#8220;.vc_custom_1661929020037{margin-bottom: 60px !important;}&#8220;][vc_column][vc_custom_heading text=&#8220;Nun \u00f6ffnet sich die Buchung. Die [&hellip;]<\/p>\n","protected":false},"author":1,"featured_media":0,"parent":0,"menu_order":0,"comment_status":"closed","ping_status":"closed","template":"","meta":{"_acf_changed":false,"site-sidebar-layout":"default","site-content-layout":"","ast-site-content-layout":"default","site-content-style":"default","site-sidebar-style":"default","ast-global-header-display":"","ast-banner-title-visibility":"","ast-main-header-display":"","ast-hfb-above-header-display":"","ast-hfb-below-header-display":"","ast-hfb-mobile-header-display":"","site-post-title":"","ast-breadcrumbs-content":"","ast-featured-img":"","footer-sml-layout":"","theme-transparent-header-meta":"","adv-header-id-meta":"","stick-header-meta":"","header-above-stick-meta":"","header-main-stick-meta":"","header-below-stick-meta":"","astra-migrate-meta-layouts":"default","ast-page-background-enabled":"default","ast-page-background-meta":{"desktop":{"background-color":"var(--ast-global-color-5)","background-image":"","background-repeat":"repeat","background-position":"center center","background-size":"auto","background-attachment":"scroll","background-type":"","background-media":"","overlay-type":"","overlay-color":"","overlay-opacity":"","overlay-gradient":""},"tablet":{"background-color":"","background-image":"","background-repeat":"repeat","background-position":"center center","background-size":"auto","background-attachment":"scroll","background-type":"","background-media":"","overlay-type":"","overlay-color":"","overlay-opacity":"","overlay-gradient":""},"mobile":{"background-color":"","background-image":"","background-repeat":"repeat","background-position":"center center","background-size":"auto","background-attachment":"scroll","background-type":"","background-media":"","overlay-type":"","overlay-color":"","overlay-opacity":"","overlay-gradient":""}},"ast-content-background-meta":{"desktop":{"background-color":"var(--ast-global-color-4)","background-image":"","background-repeat":"repeat","background-position":"center center","background-size":"auto","background-attachment":"scroll","background-type":"","background-media":"","overlay-type":"","overlay-color":"","overlay-opacity":"","overlay-gradient":""},"tablet":{"background-color":"var(--ast-global-color-4)","background-image":"","background-repeat":"repeat","background-position":"center center","background-size":"auto","background-attachment":"scroll","background-type":"","background-media":"","overlay-type":"","overlay-color":"","overlay-opacity":"","overlay-gradient":""},"mobile":{"background-color":"var(--ast-global-color-4)","background-image":"","background-repeat":"repeat","background-position":"center center","background-size":"auto","background-attachment":"scroll","background-type":"","background-media":"","overlay-type":"","overlay-color":"","overlay-opacity":"","overlay-gradient":""}},"footnotes":""},"class_list":["post-1072","page","type-page","status-publish","hentry"],"acf":[],"_links":{"self":[{"href":"https:\/\/www.helsingborg-ven.se\/de\/wp-json\/wp\/v2\/pages\/1072","targetHints":{"allow":["GET"]}}],"collection":[{"href":"https:\/\/www.helsingborg-ven.se\/de\/wp-json\/wp\/v2\/pages"}],"about":[{"href":"https:\/\/www.helsingborg-ven.se\/de\/wp-json\/wp\/v2\/types\/page"}],"author":[{"embeddable":true,"href":"https:\/\/www.helsingborg-ven.se\/de\/wp-json\/wp\/v2\/users\/1"}],"replies":[{"embeddable":true,"href":"https:\/\/www.helsingborg-ven.se\/de\/wp-json\/wp\/v2\/comments?post=1072"}],"version-history":[{"count":6,"href":"https:\/\/www.helsingborg-ven.se\/de\/wp-json\/wp\/v2\/pages\/1072\/revisions"}],"predecessor-version":[{"id":1146,"href":"https:\/\/www.helsingborg-ven.se\/de\/wp-json\/wp\/v2\/pages\/1072\/revisions\/1146"}],"wp:attachment":[{"href":"https:\/\/www.helsingborg-ven.se\/de\/wp-json\/wp\/v2\/media?parent=1072"}],"curies":[{"name":"wp","href":"https:\/\/api.w.org\/{rel}","templated":true}]}}